{"id":4568,"date":"2024-05-06T08:42:18","date_gmt":"2024-05-06T06:42:18","guid":{"rendered":"https:\/\/lalinea3.com\/inicio\/"},"modified":"2024-05-30T08:28:05","modified_gmt":"2024-05-30T06:28:05","slug":"inicio","status":"publish","type":"page","link":"https:\/\/lalinea3.com\/fr\/","title":{"rendered":"Inicio"},"content":{"rendered":"<section class=\"wpb-content-wrapper\"><p>[vc_row simple_background_color=\u00a0\u00bb#282828&Prime;][vc_column][rev_slider_vc alias=\u00a0\u00bbinicio-1&Prime; enable_paspartu=\u00a0\u00bbno\u00a0\u00bb][\/vc_column][\/vc_row][vc_row row_content_width=\u00a0\u00bbgrid\u00a0\u00bb css=\u00a0\u00bb.vc_custom_1524479032008{padding-top: 177px !important;padding-bottom: 142px !important;}\u00a0\u00bb simple_background_color=\u00a0\u00bb#f7f8f9&Prime;][vc_column offset=\u00a0\u00bbvc_col-lg-4&Prime;][vc_empty_space height=\u00a0\u00bb12px\u00a0\u00bb]<div class=\"mkdf-section-title-holder  mkdf-dark mkdf-st-standard mkdf-st-title-left mkdf-st-normal-space \" style=\"text-align: right\">\n    <div class=\"mkdf-st-inner\">\n\n                    <var class=\"mkdf-st-background-text\" style=\"font-size:225px;left: -138px;top: 87px\" id=\"mkdf-st-background-text-717\" data-font-size=\"180px\" data-horizontal-offset=\"-96px\" data-vertical-offset=\"80px\">\n            L\u00ednea 3            <\/var>\n        \n                    <h2 class=\"mkdf-st-title\">\n            Connais-nous<br \/>            <\/h2>\n        \n        \n    <\/div>\n<\/div>[vc_empty_space height=\u00a0\u00bb42px\u00a0\u00bb][\/vc_column][vc_column offset=\u00a0\u00bbvc_col-lg-7&Prime;][vc_column_text]<\/p>\n<h4><strong>EXPERTS EN ACCESSOIRES POUR CHEVEUX<\/strong><\/h4>\n<p>[\/vc_column_text][vc_empty_space height=\u00a0\u00bb30px\u00a0\u00bb][vc_column_text]<\/p>\n<p style=\"text-align: justify;\">L\u00ednea 3, nous sommes une entreprise fond\u00e9e \u00e0 Barcelone en 1984. Depuis, nous concevons, fabriquons et commercialisons une large gamme d&rsquo;accessoires pour cheveux. Des clips aux bandeaux, notre collection garantit style et fonctionnalit\u00e9.<\/p>\n<p>[\/vc_column_text][vc_empty_space height=\u00a0\u00bb42px\u00a0\u00bb][vc_btn title=\u00a0\u00bbD\u00e9couvrez La L\u00ednea tres\u00a0\u00bb style=\u00a0\u00bboutline-custom\u00a0\u00bb outline_custom_color=\u00a0\u00bb#c6a167&Prime; outline_custom_hover_background=\u00a0\u00bb#000000&Prime; outline_custom_hover_text=\u00a0\u00bb#ffffff\u00a0\u00bb link=\u00a0\u00bburl:https%3A%2F%2Flalinea3.com%2Ffr%2Fnous%2F|title:Quienes%20somos\u00a0\u00bb][\/vc_column][\/vc_row][vc_row row_content_width=\u00a0\u00bbgrid\u00a0\u00bb content_text_aligment=\u00a0\u00bbcenter\u00a0\u00bb parallax_background_image=\u00a0\u00bb107&Prime; css=\u00a0\u00bb.vc_custom_1524129443256{padding-top: 53px !important;padding-bottom: 170px !important;}\u00a0\u00bb][vc_column offset=\u00a0\u00bbvc_col-lg-offset-2 vc_col-lg-8 vc_col-md-12&Prime;]<div class=\"mkdf-info-section  mkdf-light mkdf-center\">\n\n            <var class=\"mkdf-is-background-text\" style=\"font-size:225px\" id=\"mkdf-is-background-text-760\" >\n        Contact        <\/var>\n    \n    <div class=\"mkdf-is-inner\" style=\"padding-top:112.5px;width:100%\">\n\n                    <h5 class=\"mkdf-is-subtitle\">\n            NOUS SOMMES L\u00c0 POUR VOUS AIDER!            <\/h5>\n        \n                    <h2 class=\"mkdf-is-title\">\n            Contactez-nous            <\/h2>\n        \n                    <h6 class=\"mkdf-is-text\">\n            D\u00e9couvrez comment nous pouvons vous aider \u00e0 atteindre vos objectifs de style et de beaut\u00e9            <\/h6>\n        \n                    <div class=\"mkdf-is-button\" style=\"margin-top:-8px\">\n                <a itemprop=\"url\" href=\"https:\/\/lalinea3.com\/fr\/contact\/\" target=\"_self\" style=\"color: #ffffff;border-color: #ffffff\" class=\"mkdf-btn mkdf-btn-medium mkdf-btn-outline\"  >    <span class=\"mkdf-btn-text\">Contact<\/span>    <\/a>            <\/div>\n        \n    <\/div>\n<\/div>[\/vc_column][\/vc_row][vc_row][vc_column]<div class=\"mkdf-elements-holder   mkdf-two-columns  mkdf-responsive-mode-1024 \" ><div class=\"mkdf-eh-item    \"  data-item-class=\"mkdf-eh-custom-5282\" data-1366-1600=\"0px 20px 106px 80px\" data-1024-1366=\"0px 20px 108px\" data-768-1024=\"35px 190px 0px\" data-680-768=\"35px 80px 0px\" data-680=\"35px 0px 0px\">\n    <div class=\"mkdf-eh-item-inner\">\n        <div class=\"mkdf-eh-item-content mkdf-eh-custom-5282\" style=\"padding: 0px 90px 108px 230px\">\n            <div class=\"mkdf-info-section  mkdf-dark mkdf-center\">\n\n            <var class=\"mkdf-is-background-text\" style=\"font-size:225px\" id=\"mkdf-is-background-text-311\" >\n        Beaut\u00e9        <\/var>\n    \n    <div class=\"mkdf-is-inner\" style=\"padding-top:112.5px;width:80%\">\n\n                    <h5 class=\"mkdf-is-subtitle\">\n            Excellence du style            <\/h5>\n        \n                    <h3 class=\"mkdf-is-title\">\n            T\u00e9l\u00e9chargez notre catalogue            <\/h3>\n        \n                    <p class=\"mkdf-is-text\">\n            Pr\u00eat \u00e0 ouvrir un monde de possibilit\u00e9s pour vos cheveux ? Notre catalogue de produits est votre guide d\u00e9finitif vers l\u2019excellence du style.            <\/p>\n        \n                    <div class=\"mkdf-is-button\" >\n                <a itemprop=\"url\" href=\"https:\/\/lalinea3.com\/fr\/catalogues\/\" target=\"_self\"  class=\"mkdf-btn mkdf-btn-medium mkdf-btn-simple\"  >    <span class=\"mkdf-btn-text\">T\u00e9l\u00e9chargez le catalogue<\/span>    <\/a>            <\/div>\n        \n    <\/div>\n<\/div>        <\/div>\n    <\/div>\n<\/div><div class=\"mkdf-eh-item    \"  data-item-class=\"mkdf-eh-custom-7109\" data-1366-1600=\"110px 50px\" data-1024-1366=\"110px 50px\" data-768-1024=\"69px 180px 110px\" data-680-768=\"69px 108px 110px\" data-680=\"69px 10px 110px\">\n    <div class=\"mkdf-eh-item-inner\">\n        <div class=\"mkdf-eh-item-content mkdf-eh-custom-7109\" style=\"padding: 110px 100px\">\n            <div class=\"mkdf-stacked-images-holder  mkdf-si-position-left\">\n    <div class=\"mkdf-si-images\">\n                    <img fetchpriority=\"high\" decoding=\"async\" width=\"500\" height=\"500\" src=\"https:\/\/lalinea3.com\/wp-content\/uploads\/2018\/04\/h1-img-1.jpg\" class=\"mkdf-si-first-image\" alt=\"i\" srcset=\"https:\/\/lalinea3.com\/wp-content\/uploads\/2018\/04\/h1-img-1.jpg 500w, https:\/\/lalinea3.com\/wp-content\/uploads\/2018\/04\/h1-img-1-300x300.jpg 300w, https:\/\/lalinea3.com\/wp-content\/uploads\/2018\/04\/h1-img-1-100x100.jpg 100w, https:\/\/lalinea3.com\/wp-content\/uploads\/2018\/04\/h1-img-1-150x150.jpg 150w\" sizes=\"(max-width: 500px) 100vw, 500px\" \/>                            <img decoding=\"async\" width=\"500\" height=\"500\" src=\"https:\/\/lalinea3.com\/wp-content\/uploads\/2018\/04\/h1-img-2.jpg\" class=\"mkdf-si-stack-image\" alt=\"i\" srcset=\"https:\/\/lalinea3.com\/wp-content\/uploads\/2018\/04\/h1-img-2.jpg 500w, https:\/\/lalinea3.com\/wp-content\/uploads\/2018\/04\/h1-img-2-300x300.jpg 300w, https:\/\/lalinea3.com\/wp-content\/uploads\/2018\/04\/h1-img-2-100x100.jpg 100w, https:\/\/lalinea3.com\/wp-content\/uploads\/2018\/04\/h1-img-2-150x150.jpg 150w\" sizes=\"(max-width: 500px) 100vw, 500px\" \/>            <\/div>\n<\/div>        <\/div>\n    <\/div>\n<\/div><\/div>[\/vc_column][\/vc_row]<\/p>\n<\/section>","protected":false},"excerpt":{"rendered":"<p>[vc_row simple_background_color=\u00a0\u00bb#282828&Prime;][vc_column][rev_slider_vc alias=\u00a0\u00bbinicio-1&Prime; enable_paspartu=\u00a0\u00bbno\u00a0\u00bb][\/vc_column][\/vc_row][vc_row row_content_width=\u00a0\u00bbgrid\u00a0\u00bb css=\u00a0\u00bb.vc_custom_1524479032008{padding-top: 177px !important;padding-bottom: 142px !important;}\u00a0\u00bb simple_background_color=\u00a0\u00bb#f7f8f9&Prime;][vc_column offset=\u00a0\u00bbvc_col-lg-4&Prime;][vc_empty_space height=\u00a0\u00bb12px\u00a0\u00bb][vc_empty_space height=\u00a0\u00bb42px\u00a0\u00bb][\/vc_column][vc_column offset=\u00a0\u00bbvc_col-lg-7&Prime;][vc_column_text] EXPERTS EN ACCESSOIRES POUR CHEVEUX [\/vc_column_text][vc_empty_space height=\u00a0\u00bb30px\u00a0\u00bb][vc_column_text] L\u00ednea 3, nous sommes une entreprise fond\u00e9e \u00e0 Barcelone en 1984. Depuis, nous concevons, fabriquons et commercialisons une [&hellip;]<\/p>\n","protected":false},"author":1,"featured_media":0,"parent":0,"menu_order":0,"comment_status":"closed","ping_status":"closed","template":"full-width.php","meta":{"footnotes":""},"class_list":["post-4568","page","type-page","status-publish","hentry"],"aioseo_notices":[],"_links":{"self":[{"href":"https:\/\/lalinea3.com\/fr\/wp-json\/wp\/v2\/pages\/4568","targetHints":{"allow":["GET"]}}],"collection":[{"href":"https:\/\/lalinea3.com\/fr\/wp-json\/wp\/v2\/pages"}],"about":[{"href":"https:\/\/lalinea3.com\/fr\/wp-json\/wp\/v2\/types\/page"}],"author":[{"embeddable":true,"href":"https:\/\/lalinea3.com\/fr\/wp-json\/wp\/v2\/users\/1"}],"replies":[{"embeddable":true,"href":"https:\/\/lalinea3.com\/fr\/wp-json\/wp\/v2\/comments?post=4568"}],"version-history":[{"count":4,"href":"https:\/\/lalinea3.com\/fr\/wp-json\/wp\/v2\/pages\/4568\/revisions"}],"predecessor-version":[{"id":4583,"href":"https:\/\/lalinea3.com\/fr\/wp-json\/wp\/v2\/pages\/4568\/revisions\/4583"}],"wp:attachment":[{"href":"https:\/\/lalinea3.com\/fr\/wp-json\/wp\/v2\/media?parent=4568"}],"curies":[{"name":"wp","href":"https:\/\/api.w.org\/{rel}","templated":true}]}}