{"id":4557,"date":"2024-05-06T08:36:22","date_gmt":"2024-05-06T06:36:22","guid":{"rendered":"https:\/\/lalinea3.com\/quienes-somos\/"},"modified":"2024-05-30T08:35:19","modified_gmt":"2024-05-30T06:35:19","slug":"nous","status":"publish","type":"page","link":"https:\/\/lalinea3.com\/fr\/nous\/","title":{"rendered":"Nous"},"content":{"rendered":"<section class=\"wpb-content-wrapper\"><p>[vc_row content_placement=\u00a0\u00bbtop\u00a0\u00bb row_content_width=\u00a0\u00bbgrid\u00a0\u00bb content_text_aligment=\u00a0\u00bbleft\u00a0\u00bb css=\u00a0\u00bb.vc_custom_1524226111130{padding-top: 141px !important;}\u00a0\u00bb][vc_column offset=\u00a0\u00bbvc_col-lg-offset-0 vc_col-lg-6 vc_col-md-offset-0 vc_col-md-12 vc_col-sm-offset-0 vc_col-xs-12&Prime;]<div class=\"mkdf-section-title-holder  mkdf-dark mkdf-st-standard mkdf-st-title-left mkdf-st-normal-space \" style=\"text-align: right\">\n    <div class=\"mkdf-st-inner\">\n\n                    <var class=\"mkdf-st-background-text\" style=\"font-size:225px;left: -22px;top: -40px\" id=\"mkdf-st-background-text-29\" data-font-size=\"180px\" data-horizontal-offset=\"38px\" data-vertical-offset=\"-37px\">\n            L\u00ednea 3            <\/var>\n        \n                    <h2 class=\"mkdf-st-title\">\n            Connais-nous            <\/h2>\n        \n        \n    <\/div>\n<\/div>[vc_empty_space height=\u00a0\u00bb15px\u00a0\u00bb][\/vc_column][vc_column offset=\u00a0\u00bbvc_col-lg-offset-0 vc_col-lg-6 vc_col-md-offset-0 vc_col-md-12 vc_col-sm-offset-0 vc_col-xs-12&Prime;][vc_column_text]<\/p>\n<h4>EXPERTS EN ACCESSOIRES POUR CHEVEUX<\/h4>\n<p>[\/vc_column_text][vc_empty_space height=\u00a0\u00bb30px\u00a0\u00bb][vc_column_text]<\/p>\n<p style=\"text-align: justify;\"><span class=\"NormalTextRun SCXW1615383 BCX0\">L\u00ednea 3, nous sommes une entreprise fond\u00e9e \u00e0 Barcelone en 1984. Depuis, nous concevons, fabriquons et commercialisons une large gamme d&rsquo;accessoires pour cheveux. Des clips aux bandeaux, notre collection garantit style et fonctionnalit\u00e9.\u00a0\u00a0<\/span><\/p>\n<p style=\"text-align: justify;\"><span class=\"NormalTextRun SCXW1615383 BCX0\">Notre \u00e9quipe de professionnels prend soin des d\u00e9tails afin que le produit et le service r\u00e9pondent \u00e0 nos plus hautes exigences de qualit\u00e9.<\/span><\/p>\n<p>[\/vc_column_text][vc_empty_space height=\u00a0\u00bb20px\u00a0\u00bb][\/vc_column][\/vc_row][vc_row content_placement=\u00a0\u00bbtop\u00a0\u00bb row_content_width=\u00a0\u00bbgrid\u00a0\u00bb content_text_aligment=\u00a0\u00bbleft\u00a0\u00bb css=\u00a0\u00bb.vc_custom_1715237909546{padding-top: 50px !important;}\u00a0\u00bb][vc_column offset=\u00a0\u00bbvc_col-lg-offset-0 vc_col-lg-6 vc_col-md-offset-0 vc_col-md-12 vc_col-sm-offset-0 vc_col-xs-12&Prime;][vc_single_image image=\u00a0\u00bb612&Prime; img_size=\u00a0\u00bb600&#215;500&Prime;][vc_empty_space height=\u00a0\u00bb15px\u00a0\u00bb][\/vc_column][vc_column offset=\u00a0\u00bbvc_col-lg-offset-0 vc_col-lg-6 vc_col-md-offset-0 vc_col-md-12 vc_col-sm-offset-0 vc_col-xs-12&Prime;][vc_empty_space height=\u00a0\u00bb50px\u00a0\u00bb][vc_column_text]<\/p>\n<h4>UNE VASTE EXP\u00c9RIENCE DANS LE SECTEUR<\/h4>\n<p>[\/vc_column_text][vc_empty_space height=\u00a0\u00bb30px\u00a0\u00bb][vc_column_text]<\/p>\n<p style=\"text-align: justify;\">Chez L\u00ednea 3, nous nous engageons non seulement \u00e0 vous fournir les meilleurs accessoires pour cheveux, mais nous nous engageons \u00e9galement \u00e0 votre succ\u00e8s et \u00e0 votre satisfaction. Forte de plusieurs ann\u00e9es d&rsquo;exp\u00e9rience dans l&rsquo;industrie de la beaut\u00e9, notre \u00e9quipe est compos\u00e9e d&rsquo;experts passionn\u00e9s qui comprennent l&rsquo;importance de chaque d\u00e9tail de votre routine de coiffure. Nous nous effor\u00e7ons de vous offrir des produits de la plus haute qualit\u00e9, soigneusement s\u00e9lectionn\u00e9s pour r\u00e9pondre \u00e0 vos besoins professionnels et personnels.<\/p>\n<p style=\"text-align: justify;\">Chez L\u00ednea 3, nous ne vendons pas seulement des accessoires, nous cr\u00e9ons des exp\u00e9riences qui inspirent confiance et cr\u00e9ativit\u00e9. Rejoignez notre famille et d\u00e9couvrez pourquoi nous sommes le choix pr\u00e9f\u00e9r\u00e9 des professionnels de la coiffure!<\/p>\n<p>[\/vc_column_text][vc_empty_space height=\u00a0\u00bb180px\u00a0\u00bb][\/vc_column][\/vc_row][vc_row row_content_width=\u00a0\u00bbgrid\u00a0\u00bb css=\u00a0\u00bb.vc_custom_1524747748104{padding-top: 107px !important;padding-bottom: 94px !important;}\u00a0\u00bb parallax_background_image=\u00a0\u00bb2938&Prime;][vc_column offset=\u00a0\u00bbvc_col-lg-offset-2 vc_col-lg-8&Prime;][vc_row_inner content_text_aligment=\u00a0\u00bbcenter\u00a0\u00bb][vc_column_inner][vc_column_text]<\/p>\n<h5><span style=\"color: #ffffff;\">NOUS SOMMES L\u00c0 POUR VOUS AIDER!<\/span><\/h5>\n<p>[\/vc_column_text][vc_empty_space height=\u00a0\u00bb24px\u00a0\u00bb][vc_column_text]<\/p>\n<h3><span style=\"color: #ffffff;\">D\u00c9COUVREZ COMMENT NOUS POUVONS VOUS AIDER \u00c0 ATTEINDRE VOS OBJECTIFS DE STYLE ET DE BEAUT\u00c9<\/span><\/h3>\n<p>[\/vc_column_text][vc_empty_space height=\u00a0\u00bb48px\u00a0\u00bb][vc_btn title=\u00a0\u00bbContactez-nous\u00a0\u00bb style=\u00a0\u00bboutline-custom\u00a0\u00bb outline_custom_color=\u00a0\u00bb#c6a167&Prime; outline_custom_hover_background=\u00a0\u00bb#000000&Prime; outline_custom_hover_text=\u00a0\u00bb#ffffff\u00a0\u00bb align=\u00a0\u00bbcenter\u00a0\u00bb link=\u00a0\u00bburl:https%3A%2F%2Flalinea3.com%2Ffr%2Fcontact%2F|title:Contacto\u00a0\u00bb][\/vc_column_inner][\/vc_row_inner][\/vc_column][\/vc_row][vc_row row_content_width=\u00a0\u00bbgrid\u00a0\u00bb content_text_aligment=\u00a0\u00bbcenter\u00a0\u00bb css=\u00a0\u00bb.vc_custom_1524236052246{padding-top: 197px !important;padding-bottom: 307px !important;}\u00a0\u00bb parallax_background_image=\u00a0\u00bb838&Prime;][vc_column offset=\u00a0\u00bbvc_col-lg-offset-0 vc_col-lg-6 vc_col-md-offset-0 vc_col-md-8 vc_col-sm-offset-0 vc_col-xs-12&Prime;]<div class=\"mkdf-info-section  mkdf-dark mkdf-center\">\n\n            <var class=\"mkdf-is-background-text\" style=\"font-size:225px\" id=\"mkdf-is-background-text-462\" >\n        Belleza        <\/var>\n    \n    <div class=\"mkdf-is-inner\" style=\"padding-top:112.5px;width:80%\">\n\n                    <h5 class=\"mkdf-is-subtitle\">\n            Excellence du style            <\/h5>\n        \n                    <h3 class=\"mkdf-is-title\">\n            T\u00e9l\u00e9chargez notre catalogue            <\/h3>\n        \n                    <p class=\"mkdf-is-text\">\n            Pr\u00eat \u00e0 ouvrir un monde de possibilit\u00e9s pour vos cheveux ? Notre catalogue de produits est votre guide d\u00e9finitif vers l\u2019excellence du style.            <\/p>\n        \n                    <div class=\"mkdf-is-button\" >\n                <a itemprop=\"url\" href=\"https:\/\/lalinea3.com\/fr\/catalogues\/\" target=\"_self\"  class=\"mkdf-btn mkdf-btn-medium mkdf-btn-simple\"  >    <span class=\"mkdf-btn-text\">T\u00e9l\u00e9charger le catalogue<\/span>    <\/a>            <\/div>\n        \n    <\/div>\n<\/div>[\/vc_column][\/vc_row]<\/p>\n<\/section>","protected":false},"excerpt":{"rendered":"<p>[vc_row content_placement=\u00a0\u00bbtop\u00a0\u00bb row_content_width=\u00a0\u00bbgrid\u00a0\u00bb content_text_aligment=\u00a0\u00bbleft\u00a0\u00bb css=\u00a0\u00bb.vc_custom_1524226111130{padding-top: 141px !important;}\u00a0\u00bb][vc_column offset=\u00a0\u00bbvc_col-lg-offset-0 vc_col-lg-6 vc_col-md-offset-0 vc_col-md-12 vc_col-sm-offset-0 vc_col-xs-12&Prime;][vc_empty_space height=\u00a0\u00bb15px\u00a0\u00bb][\/vc_column][vc_column offset=\u00a0\u00bbvc_col-lg-offset-0 vc_col-lg-6 vc_col-md-offset-0 vc_col-md-12 vc_col-sm-offset-0 vc_col-xs-12&Prime;][vc_column_text] EXPERTS EN ACCESSOIRES POUR CHEVEUX [\/vc_column_text][vc_empty_space height=\u00a0\u00bb30px\u00a0\u00bb][vc_column_text] L\u00ednea 3, nous sommes une entreprise fond\u00e9e \u00e0 Barcelone en 1984. Depuis, nous [&hellip;]<\/p>\n","protected":false},"author":1,"featured_media":0,"parent":0,"menu_order":0,"comment_status":"closed","ping_status":"closed","template":"full-width.php","meta":{"footnotes":""},"class_list":["post-4557","page","type-page","status-publish","hentry"],"aioseo_notices":[],"_links":{"self":[{"href":"https:\/\/lalinea3.com\/fr\/wp-json\/wp\/v2\/pages\/4557","targetHints":{"allow":["GET"]}}],"collection":[{"href":"https:\/\/lalinea3.com\/fr\/wp-json\/wp\/v2\/pages"}],"about":[{"href":"https:\/\/lalinea3.com\/fr\/wp-json\/wp\/v2\/types\/page"}],"author":[{"embeddable":true,"href":"https:\/\/lalinea3.com\/fr\/wp-json\/wp\/v2\/users\/1"}],"replies":[{"embeddable":true,"href":"https:\/\/lalinea3.com\/fr\/wp-json\/wp\/v2\/comments?post=4557"}],"version-history":[{"count":5,"href":"https:\/\/lalinea3.com\/fr\/wp-json\/wp\/v2\/pages\/4557\/revisions"}],"predecessor-version":[{"id":4584,"href":"https:\/\/lalinea3.com\/fr\/wp-json\/wp\/v2\/pages\/4557\/revisions\/4584"}],"wp:attachment":[{"href":"https:\/\/lalinea3.com\/fr\/wp-json\/wp\/v2\/media?parent=4557"}],"curies":[{"name":"wp","href":"https:\/\/api.w.org\/{rel}","templated":true}]}}