{"id":4553,"date":"2024-05-07T10:26:31","date_gmt":"2024-05-07T08:26:31","guid":{"rendered":"https:\/\/lalinea3.com\/contacto\/"},"modified":"2024-05-24T09:44:43","modified_gmt":"2024-05-24T07:44:43","slug":"contact","status":"publish","type":"page","link":"https:\/\/lalinea3.com\/fr\/contact\/","title":{"rendered":"Contact"},"content":{"rendered":"<section class=\"wpb-content-wrapper\"><p>[vc_row content_placement=\u00a0\u00bbtop\u00a0\u00bb row_content_width=\u00a0\u00bbgrid\u00a0\u00bb content_text_aligment=\u00a0\u00bbleft\u00a0\u00bb css=\u00a0\u00bb.vc_custom_1524747980932{padding-top: 139px !important;padding-bottom: 49px !important;}\u00a0\u00bb][vc_column offset=\u00a0\u00bbvc_col-lg-offset-0 vc_col-lg-5 vc_col-md-offset-0 vc_col-md-12 vc_col-sm-offset-0 vc_col-xs-12&Prime; css=\u00a0\u00bb.vc_custom_1526029383754{padding-right: 10% !important;}\u00a0\u00bb][vc_empty_space height=\u00a0\u00bb11px\u00a0\u00bb]\n<div class=\"wpcf7 no-js\" id=\"wpcf7-f4555-o1\" lang=\"es-ES\" dir=\"ltr\" data-wpcf7-id=\"4555\">\n<div class=\"screen-reader-response\"><p role=\"status\" aria-live=\"polite\" aria-atomic=\"true\"><\/p> <ul><\/ul><\/div>\n<form action=\"\/fr\/wp-json\/wp\/v2\/pages\/4553#wpcf7-f4555-o1\" method=\"post\" class=\"wpcf7-form init\" aria-label=\"Formulario de contacto\" novalidate=\"novalidate\" data-status=\"init\">\n<fieldset class=\"hidden-fields-container\"><input type=\"hidden\" name=\"_wpcf7\" value=\"4555\" \/><input type=\"hidden\" name=\"_wpcf7_version\" value=\"6.1.5\" \/><input type=\"hidden\" name=\"_wpcf7_locale\" value=\"es_ES\" \/><input type=\"hidden\" name=\"_wpcf7_unit_tag\" value=\"wpcf7-f4555-o1\" \/><input type=\"hidden\" name=\"_wpcf7_container_post\" value=\"0\" \/><input type=\"hidden\" name=\"_wpcf7_posted_data_hash\" value=\"\" \/><input type=\"hidden\" name=\"_wpcf7_recaptcha_response\" value=\"\" \/>\n<\/fieldset>\n<label> Nom\n    <span class=\"wpcf7-form-control-wrap\" data-name=\"your-name\"><input size=\"40\" maxlength=\"400\" class=\"wpcf7-form-control wpcf7-text wpcf7-validates-as-required\" autocomplete=\"name\" aria-required=\"true\" aria-invalid=\"false\" value=\"\" type=\"text\" name=\"your-name\" \/><\/span> <\/label>\n\n<label> E-mail\n    <span class=\"wpcf7-form-control-wrap\" data-name=\"your-email\"><input size=\"40\" maxlength=\"400\" class=\"wpcf7-form-control wpcf7-email wpcf7-validates-as-required wpcf7-text wpcf7-validates-as-email\" autocomplete=\"email\" aria-required=\"true\" aria-invalid=\"false\" value=\"\" type=\"email\" name=\"your-email\" \/><\/span> <\/label>\n\n\n<label> Message \n    <span class=\"wpcf7-form-control-wrap\" data-name=\"your-message\"><textarea cols=\"40\" rows=\"10\" maxlength=\"2000\" class=\"wpcf7-form-control wpcf7-textarea wpcf7-validates-as-required\" aria-required=\"true\" aria-invalid=\"false\" name=\"your-message\"><\/textarea><\/span> <\/label>\n\n<input class=\"wpcf7-form-control wpcf7-submit has-spinner\" type=\"submit\" value=\"Envoyer\" \/><div class=\"wpcf7-response-output\" aria-hidden=\"true\"><\/div>\n<\/form>\n<\/div>\n[vc_empty_space height=\u00a0\u00bb68px\u00a0\u00bb][\/vc_column][vc_column offset=\u00a0\u00bbvc_col-lg-6 vc_col-md-12&Prime;][vc_empty_space height=\u00a0\u00bb11px\u00a0\u00bb][vc_column_text]<\/p>\n<h3>Information de contact<\/h3>\n<p>[\/vc_column_text][vc_column_text]<\/p>\n<p style=\"text-align: justify;\">Avez-vous des questions, des commentaires ou des suggestions? Nous aimerions recevoir de vos nouvelles! Chez <strong>L\u00ednea 3<\/strong>, nous appr\u00e9cions votre opinion et nous nous effor\u00e7ons de vous offrir le meilleur service possible. Si vous avez besoin d&rsquo;aide ou d&rsquo;informations suppl\u00e9mentaires sur nos produits, n&rsquo;h\u00e9sitez pas \u00e0 nous contacter.<\/p>\n<p>[\/vc_column_text][vc_empty_space height=\u00a0\u00bb11px\u00a0\u00bb]<div class=\"mkdf-iwt clearfix  mkdf-iwt-icon-left mkdf-iwt-icon-small\">\n    <div class=\"mkdf-iwt-icon\">\n                                        <span class=\"mkdf-icon-shortcode mkdf-normal   mkdf-icon-small\"  >\n                    <i class=\"mkdf-icon-font-awesome fa fa-map-marker mkdf-icon-element\" style=\"font-size:20px\" ><\/i>                <\/span>\n                                <\/div>\n    <div class=\"mkdf-iwt-content\" style=\"padding-left: 23px\">\n                    <p class=\"mkdf-iwt-text\" style=\"margin-top: 5px\">C\/ Pere IV, 29-35,4\u00ba 5\u00ba, 08018 Barcelona<\/p>\n    <\/div>\n<\/div>[vc_empty_space height=\u00a0\u00bb11px\u00a0\u00bb]<div class=\"mkdf-iwt clearfix  mkdf-iwt-icon-left mkdf-iwt-icon-small\">\n    <div class=\"mkdf-iwt-icon\">\n                <a itemprop=\"url\" href=\"mailto:comercial@lalinea3.com\" target=\"_self\">\n                                            <span class=\"mkdf-icon-shortcode mkdf-normal   mkdf-icon-small\"  >\n                    <i class=\"mkdf-icon-font-awesome fa fa-envelope mkdf-icon-element\" style=\"font-size:20px\" ><\/i>                <\/span>\n                                    <\/a>\n        <\/div>\n    <div class=\"mkdf-iwt-content\" style=\"padding-left: 14px\">\n                    <p class=\"mkdf-iwt-text\" style=\"margin-top: 5px\">comercial@lalinea3.com<\/p>\n    <\/div>\n<\/div>[vc_empty_space height=\u00a0\u00bb11px\u00a0\u00bb]<div class=\"mkdf-iwt clearfix  mkdf-iwt-icon-left mkdf-iwt-icon-small\">\n    <div class=\"mkdf-iwt-icon\">\n                                        <span class=\"mkdf-icon-shortcode mkdf-normal   mkdf-icon-small\"  >\n                    <i class=\"mkdf-icon-font-awesome fa fa-phone mkdf-icon-element\" style=\"font-size:20px\" ><\/i>                <\/span>\n                                <\/div>\n    <div class=\"mkdf-iwt-content\" style=\"padding-left: 19px\">\n                    <p class=\"mkdf-iwt-text\" style=\"margin-top: 5px\">933007114<\/p>\n    <\/div>\n<\/div>[\/vc_column][\/vc_row][vc_row][vc_column][vc_gmaps link=\u00a0\u00bb#E-8_JTNDaWZyYW1lJTIwc3JjJTNEJTIyaHR0cHMlM0ElMkYlMkZ3d3cuZ29vZ2xlLmNvbSUyRm1hcHMlMkZlbWJlZCUzRnBiJTNEJTIxMW0xOCUyMTFtMTIlMjExbTMlMjExZDI5OTMuMDU1MjE3MTg1Nzc3NiUyMTJkMi4xOTA4ODg1OTk5OTk5OTk2JTIxM2Q0MS4zOTQ2MDcxOTk5OTk5OSUyMTJtMyUyMTFmMCUyMTJmMCUyMTNmMCUyMTNtMiUyMTFpMTAyNCUyMTJpNzY4JTIxNGYxMy4xJTIxM20zJTIxMW0yJTIxMXMweDEyYTRhM2UxZTc0ZmEyMDMlMjUzQTB4ZDk5MDVkMmE4YzIzOWVlYSUyMTJzdGlmZXJndWklMjUyMFMuQS4lMjE1ZTAlMjEzbTIlMjExc2VzJTIxMnNlcyUyMTR2MTcxNTA3MTY5MDc1OCUyMTVtMiUyMTFzZXMlMjEyc2VzJTIyJTIwd2lkdGglM0QlMjI2MDAlMjIlMjBoZWlnaHQlM0QlMjI0NTAlMjIlMjBzdHlsZSUzRCUyMmJvcmRlciUzQTAlM0IlMjIlMjBhbGxvd2Z1bGxzY3JlZW4lM0QlMjIlMjIlMjBsb2FkaW5nJTNEJTIybGF6eSUyMiUyMHJlZmVycmVycG9saWN5JTNEJTIybm8tcmVmZXJyZXItd2hlbi1kb3duZ3JhZGUlMjIlM0UlM0MlMkZpZnJhbWUlM0U=\u00a0\u00bb][\/vc_column][\/vc_row]<\/p>\n<\/section>","protected":false},"excerpt":{"rendered":"<p>[vc_row content_placement=\u00a0\u00bbtop\u00a0\u00bb row_content_width=\u00a0\u00bbgrid\u00a0\u00bb content_text_aligment=\u00a0\u00bbleft\u00a0\u00bb css=\u00a0\u00bb.vc_custom_1524747980932{padding-top: 139px !important;padding-bottom: 49px !important;}\u00a0\u00bb][vc_column offset=\u00a0\u00bbvc_col-lg-offset-0 vc_col-lg-5 vc_col-md-offset-0 vc_col-md-12 vc_col-sm-offset-0 vc_col-xs-12&Prime; css=\u00a0\u00bb.vc_custom_1526029383754{padding-right: 10% !important;}\u00a0\u00bb][vc_empty_space height=\u00a0\u00bb11px\u00a0\u00bb][vc_empty_space height=\u00a0\u00bb68px\u00a0\u00bb][\/vc_column][vc_column offset=\u00a0\u00bbvc_col-lg-6 vc_col-md-12&Prime;][vc_empty_space height=\u00a0\u00bb11px\u00a0\u00bb][vc_column_text] Information de contact [\/vc_column_text][vc_column_text] Avez-vous des questions, des commentaires ou des suggestions? Nous aimerions recevoir de vos [&hellip;]<\/p>\n","protected":false},"author":1,"featured_media":0,"parent":0,"menu_order":0,"comment_status":"closed","ping_status":"closed","template":"full-width.php","meta":{"footnotes":""},"class_list":["post-4553","page","type-page","status-publish","hentry"],"aioseo_notices":[],"_links":{"self":[{"href":"https:\/\/lalinea3.com\/fr\/wp-json\/wp\/v2\/pages\/4553","targetHints":{"allow":["GET"]}}],"collection":[{"href":"https:\/\/lalinea3.com\/fr\/wp-json\/wp\/v2\/pages"}],"about":[{"href":"https:\/\/lalinea3.com\/fr\/wp-json\/wp\/v2\/types\/page"}],"author":[{"embeddable":true,"href":"https:\/\/lalinea3.com\/fr\/wp-json\/wp\/v2\/users\/1"}],"replies":[{"embeddable":true,"href":"https:\/\/lalinea3.com\/fr\/wp-json\/wp\/v2\/comments?post=4553"}],"version-history":[{"count":2,"href":"https:\/\/lalinea3.com\/fr\/wp-json\/wp\/v2\/pages\/4553\/revisions"}],"predecessor-version":[{"id":4556,"href":"https:\/\/lalinea3.com\/fr\/wp-json\/wp\/v2\/pages\/4553\/revisions\/4556"}],"wp:attachment":[{"href":"https:\/\/lalinea3.com\/fr\/wp-json\/wp\/v2\/media?parent=4553"}],"curies":[{"name":"wp","href":"https:\/\/api.w.org\/{rel}","templated":true}]}}